{"id":303,"date":"2017-11-09T15:10:39","date_gmt":"2017-11-09T15:10:39","guid":{"rendered":"http:\/\/wp-master-powergo.eliappwordpress1sto.elisys-servers.ca\/?page_id=303"},"modified":"2024-03-14T11:37:04","modified_gmt":"2024-03-14T15:37:04","slug":"produits-occasion","status":"publish","type":"page","link":"https:\/\/www.ggbrothers.com\/fr\/produits-occasion\/","title":{"rendered":"Inventaire d\u2019occasion"},"content":{"rendered":"<p>Envie de vous procurer une nouvelle machine sans la facture d\u2019un <a href=\"https:\/\/www.ggbrothers.com\/fr\/inventaire-neuf\/\">v\u00e9hicule neuf<\/a>? Notre <strong>inventaire d\u2019occasion<\/strong> est l\u2019endroit o\u00f9 il faut \u00eatre!<\/p>\n<div class=\"textMore\">\n<p>Notre inventaire de bolides de seconde main inclut, entre autres, des <strong>motos<\/strong>, <strong>VTT<\/strong>, <strong>motomarines<\/strong> et <strong>tracteurs<\/strong> de toutes les grandes marques. Soyez rassur\u00e9s, tous nos produits usag\u00e9s sont soumis \u00e0 l\u2019<strong>inspection rigoureuse de notre \u00e9quipe de technicien\u00b7ne\u00b7s d\u2019exp\u00e9rience<\/strong>. Avec notre <a href=\"https:\/\/www.ggbrothers.com\/fr\/service-apres-vente\/\">d\u00e9partement de service<\/a> comp\u00e9tent, partez \u00e0 l\u2019aventure l\u2019esprit tranquille!<\/p>\n<p>Un mod\u00e8le en particulier vous est tomb\u00e9 dans l&rsquo;\u0153il? Vous avez des questions concernant notre inventaire d\u2019occasion? <a href=\"https:\/\/www.ggbrothers.com\/fr\/contact\/\">Contactez notre \u00e9quipe<\/a>! Nous saurons vous guider et vous conseiller avec plaisir.<\/p>\n<p>Passez nous voir en concession chez Les Fr\u00e8res G &amp; G \u00e0 <strong>Miramichi<\/strong> et <strong>Neguac<\/strong>, dans le Nouveau-Brunswick!<\/p>\n<\/div>\n","protected":false},"excerpt":{"rendered":"<p>Envie de vous procurer une nouvelle machine sans la facture d\u2019un v\u00e9hicule neuf? Notre inventaire d\u2019occasion est l\u2019endroit o\u00f9 il faut \u00eatre! Notre inventaire de bolides de seconde main inclut, entre autres, des motos, VTT, motomarines et tracteurs de toutes les grandes marques. Soyez rassur\u00e9s, tous nos produits usag\u00e9s sont soumis \u00e0 l\u2019inspection rigoureuse de &hellip; <a href=\"https:\/\/www.ggbrothers.com\/fr\/produits-occasion\/\">Suite<\/a><\/p>\n","protected":false},"author":1,"featured_media":0,"parent":0,"menu_order":0,"comment_status":"closed","ping_status":"closed","template":"template-listing-used-products.php","meta":[],"acf":{"content_featured_type":"","page_arg_used":true,"page_arg_custom":false,"page_arg_filters_used":[{"field":"condition","compare":"=","value":"V\u00e9hicule d'occasion","type":""}],"contact_form_custom_html_id":"","contact_form_custom_form_id":false},"_links":{"self":[{"href":"https:\/\/www.ggbrothers.com\/fr\/wp-json\/wp\/v2\/pages\/303"}],"collection":[{"href":"https:\/\/www.ggbrothers.com\/fr\/wp-json\/wp\/v2\/pages"}],"about":[{"href":"https:\/\/www.ggbrothers.com\/fr\/wp-json\/wp\/v2\/types\/page"}],"author":[{"embeddable":true,"href":"https:\/\/www.ggbrothers.com\/fr\/wp-json\/wp\/v2\/users\/1"}],"replies":[{"embeddable":true,"href":"https:\/\/www.ggbrothers.com\/fr\/wp-json\/wp\/v2\/comments?post=303"}],"version-history":[{"count":11,"href":"https:\/\/www.ggbrothers.com\/fr\/wp-json\/wp\/v2\/pages\/303\/revisions"}],"predecessor-version":[{"id":31258,"href":"https:\/\/www.ggbrothers.com\/fr\/wp-json\/wp\/v2\/pages\/303\/revisions\/31258"}],"wp:attachment":[{"href":"https:\/\/www.ggbrothers.com\/fr\/wp-json\/wp\/v2\/media?parent=303"}],"curies":[{"name":"wp","href":"https:\/\/api.w.org\/{rel}","templated":true}]}}